{"id":16130,"date":"2016-09-28T18:22:39","date_gmt":"2016-09-28T18:22:39","guid":{"rendered":"http:\/\/freeportbiblecenter.org\/?post_type=product&#038;p=16130"},"modified":"2024-06-21T01:36:30","modified_gmt":"2024-06-21T01:36:30","slug":"ensenansas-para-la-nueva-vida-tomo-2","status":"publish","type":"product","link":"https:\/\/freeportbiblecenter.org\/en\/product\/ensenansas-para-la-nueva-vida-tomo-2\/","title":{"rendered":"Ense\u00f1ansas Para la Nueva Vida (Tomo 2)"},"content":{"rendered":"<p>Este es el primer de cuatro manuales de estudio biblico para grupos peque\u00f1os.<\/p>\n<p>Aqui econotrara clases con temas biblicos para aprender como vivir una vida cristiana saludable y el proposito de Dios para nuestras vidas.<\/p>\n<p><span class=\"x_s2\">Cada libro con 5 temas generales y 5 lecciones por cada tema o sea cada libro contiene 25 clases. Estas lecciones est\u00e1n dise\u00f1adas para ser ense\u00f1adas en aproximadamente 30 minutos y tienen como objetivo el impulsar los creyentes a ganar, discipular y crecer en compromiso hacia Dios, su iglesia, sus pastores, las misiones y los perdidos, mientras van formando el car\u00e1cter de disc\u00edpulos estables y \u00fatiles a su vision y el reino.<\/span><\/p>\n","protected":false},"excerpt":{"rendered":"<p>Este es el primer de cuatro manuales de estudio biblico para grupos peque\u00f1os.<\/p>\n<p>Aqui econotrara clases con temas biblicos para aprender como vivir una vida cristiana saludable y el proposito de Dios para nuestras vidas.<\/p>\n","protected":false},"featured_media":16512,"template":"","meta":[],"product_brand":[],"product_cat":[160],"product_tag":[],"class_list":{"0":"post-16130","1":"product","2":"type-product","3":"status-publish","4":"has-post-thumbnail","6":"product_cat-libros","8":"first","9":"instock","10":"taxable","11":"shipping-taxable","12":"purchasable","13":"product-type-simple"},"_links":{"self":[{"href":"https:\/\/freeportbiblecenter.org\/en\/wp-json\/wp\/v2\/product\/16130","targetHints":{"allow":["GET"]}}],"collection":[{"href":"https:\/\/freeportbiblecenter.org\/en\/wp-json\/wp\/v2\/product"}],"about":[{"href":"https:\/\/freeportbiblecenter.org\/en\/wp-json\/wp\/v2\/types\/product"}],"wp:featuredmedia":[{"embeddable":true,"href":"https:\/\/freeportbiblecenter.org\/en\/wp-json\/wp\/v2\/media\/16512"}],"wp:attachment":[{"href":"https:\/\/freeportbiblecenter.org\/en\/wp-json\/wp\/v2\/media?parent=16130"}],"wp:term":[{"taxonomy":"product_brand","embeddable":true,"href":"https:\/\/freeportbiblecenter.org\/en\/wp-json\/wp\/v2\/product_brand?post=16130"},{"taxonomy":"product_cat","embeddable":true,"href":"https:\/\/freeportbiblecenter.org\/en\/wp-json\/wp\/v2\/product_cat?post=16130"},{"taxonomy":"product_tag","embeddable":true,"href":"https:\/\/freeportbiblecenter.org\/en\/wp-json\/wp\/v2\/product_tag?post=16130"}],"curies":[{"name":"wp","href":"https:\/\/api.w.org\/{rel}","templated":true}]}}